
{"id":227,"date":"2016-12-12T22:42:34","date_gmt":"2016-12-12T22:42:34","guid":{"rendered":"https:\/\/grupovalrega.com.br\/new\/?page_id=227"},"modified":"2021-02-28T23:49:23","modified_gmt":"2021-02-28T23:49:23","slug":"reserve","status":"publish","type":"page","link":"https:\/\/grupovalrega.com.br\/new\/reserve\/","title":{"rendered":"Reserve"},"content":{"rendered":"<div id=\"pl-227\"  class=\"panel-layout\" ><div id=\"pg-227-0\"  class=\"panel-grid panel-has-style\" ><div class=\"siteorigin-panels-stretch panel-row-style panel-row-style-for-227-0\" data-stretch-type=\"full\" ><div id=\"pgc-227-0-0\"  class=\"panel-grid-cell\" ><div id=\"panel-227-0-0-0\" class=\"so-panel widget widget_black-studio-tinymce widget_black_studio_tinymce panel-first-child panel-last-child\" data-index=\"0\" ><div class=\"textwidget\"><p><span class=\"\" style=\"display:block;clear:both;height: 0px;padding-top: 5px;border-top-width:0px;border-bottom-width:0px;\"><\/span><\/p>\n<\/div><\/div><\/div><\/div><\/div><div id=\"pg-227-1\"  class=\"panel-grid panel-no-style\" ><div id=\"pgc-227-1-0\"  class=\"panel-grid-cell\" ><div id=\"panel-227-1-0-0\" class=\"so-panel widget widget_black-studio-tinymce widget_black_studio_tinymce panel-first-child panel-last-child\" data-index=\"1\" ><div class=\"textwidget\"><p style=\"text-align: center;\"><span class=\"home-venha-ficar-conosco\" style=\"color: #3ac1f2;\">Venha desfrutar seu evento especial conosco! Fa\u00e7a j\u00e1 sua reserva!<br \/>\nPreencha o formul\u00e1rio abaixo que entraremos em contato o mais breve poss\u00edvel!<br \/>\nTamb\u00e9m poder\u00e1 fazer sua reserva atrav\u00e9s do telefone:<br \/>\n(11) 99378-1965 <\/span><\/p>\n<\/div><\/div><\/div><\/div><div id=\"pg-227-2\"  class=\"panel-grid panel-no-style\" ><div id=\"pgc-227-2-0\"  class=\"panel-grid-cell\" ><div id=\"panel-227-2-0-0\" class=\"so-panel widget widget_sow-slider panel-first-child panel-last-child\" data-index=\"2\" ><div class=\"so-widget-sow-slider so-widget-sow-slider-default-abf3e628296a\"><div class=\"sow-slider-base \" style=\"display: none\"><ul class=\"sow-slider-images\" data-settings=\"{&quot;pagination&quot;:true,&quot;speed&quot;:800,&quot;timeout&quot;:2000,&quot;paused&quot;:false,&quot;pause_on_hover&quot;:false,&quot;swipe&quot;:true,&quot;nav_always_show_mobile&quot;:&quot;&quot;,&quot;breakpoint&quot;:&quot;780px&quot;}\">\t\t<li class=\"sow-slider-image  sow-slider-image-cover\" style=\"background-image: url(https:\/\/grupovalrega.com.br\/new\/wp-content\/uploads\/2016\/12\/chacara-atibaia-aluguel-temporada-25.jpg)\" >\n\t\t\t\t\t\t\t\t\t<img width=\"1200\" height=\"800\" src=\"https:\/\/grupovalrega.com.br\/new\/wp-content\/uploads\/2016\/12\/chacara-atibaia-aluguel-temporada-25.jpg\" class=\"sow-slider-background-image\" alt=\"\" decoding=\"async\" loading=\"eager\" fetchpriority=\"high\" srcset=\"https:\/\/grupovalrega.com.br\/new\/wp-content\/uploads\/2016\/12\/chacara-atibaia-aluguel-temporada-25.jpg 1200w, https:\/\/grupovalrega.com.br\/new\/wp-content\/uploads\/2016\/12\/chacara-atibaia-aluguel-temporada-25-300x200.jpg 300w, https:\/\/grupovalrega.com.br\/new\/wp-content\/uploads\/2016\/12\/chacara-atibaia-aluguel-temporada-25-768x512.jpg 768w, https:\/\/grupovalrega.com.br\/new\/wp-content\/uploads\/2016\/12\/chacara-atibaia-aluguel-temporada-25-1024x683.jpg 1024w, https:\/\/grupovalrega.com.br\/new\/wp-content\/uploads\/2016\/12\/chacara-atibaia-aluguel-temporada-25-272x182.jpg 272w\" sizes=\"(max-width: 1200px) 100vw, 1200px\" \/>\t\t\t\t\t\t\t\t<\/li>\n\t\t\t\t<li class=\"sow-slider-image  sow-slider-image-cover\" style=\"background-image: url(https:\/\/grupovalrega.com.br\/new\/wp-content\/uploads\/2016\/12\/chacara-atibaia-aluguel-temporada-9.jpg)\" >\n\t\t\t\t\t\t\t\t\t<img width=\"1200\" height=\"800\" src=\"https:\/\/grupovalrega.com.br\/new\/wp-content\/uploads\/2016\/12\/chacara-atibaia-aluguel-temporada-9.jpg\" class=\"sow-slider-background-image\" alt=\"\" decoding=\"async\" loading=\"eager\" srcset=\"https:\/\/grupovalrega.com.br\/new\/wp-content\/uploads\/2016\/12\/chacara-atibaia-aluguel-temporada-9.jpg 1200w, https:\/\/grupovalrega.com.br\/new\/wp-content\/uploads\/2016\/12\/chacara-atibaia-aluguel-temporada-9-300x200.jpg 300w, https:\/\/grupovalrega.com.br\/new\/wp-content\/uploads\/2016\/12\/chacara-atibaia-aluguel-temporada-9-768x512.jpg 768w, https:\/\/grupovalrega.com.br\/new\/wp-content\/uploads\/2016\/12\/chacara-atibaia-aluguel-temporada-9-1024x683.jpg 1024w, https:\/\/grupovalrega.com.br\/new\/wp-content\/uploads\/2016\/12\/chacara-atibaia-aluguel-temporada-9-272x182.jpg 272w\" sizes=\"(max-width: 1200px) 100vw, 1200px\" \/>\t\t\t\t\t\t\t\t<\/li>\n\t\t\t\t<li class=\"sow-slider-image  sow-slider-image-cover\" style=\"background-image: url(https:\/\/grupovalrega.com.br\/new\/wp-content\/uploads\/2016\/12\/chacara-atibaia-aluguel-temporada-29.jpg)\" >\n\t\t\t\t\t\t\t\t\t<img width=\"1200\" height=\"800\" src=\"https:\/\/grupovalrega.com.br\/new\/wp-content\/uploads\/2016\/12\/chacara-atibaia-aluguel-temporada-29.jpg\" class=\"sow-slider-background-image\" alt=\"\" decoding=\"async\" loading=\"eager\" srcset=\"https:\/\/grupovalrega.com.br\/new\/wp-content\/uploads\/2016\/12\/chacara-atibaia-aluguel-temporada-29.jpg 1200w, https:\/\/grupovalrega.com.br\/new\/wp-content\/uploads\/2016\/12\/chacara-atibaia-aluguel-temporada-29-300x200.jpg 300w, https:\/\/grupovalrega.com.br\/new\/wp-content\/uploads\/2016\/12\/chacara-atibaia-aluguel-temporada-29-768x512.jpg 768w, https:\/\/grupovalrega.com.br\/new\/wp-content\/uploads\/2016\/12\/chacara-atibaia-aluguel-temporada-29-1024x683.jpg 1024w, https:\/\/grupovalrega.com.br\/new\/wp-content\/uploads\/2016\/12\/chacara-atibaia-aluguel-temporada-29-272x182.jpg 272w\" sizes=\"(max-width: 1200px) 100vw, 1200px\" \/>\t\t\t\t\t\t\t\t<\/li>\n\t\t\t\t<li class=\"sow-slider-image  sow-slider-image-cover\" style=\"background-image: url(https:\/\/grupovalrega.com.br\/new\/wp-content\/uploads\/2016\/11\/chacara-atibaia-aluguel-temporada-52.jpg)\" >\n\t\t\t\t\t\t\t\t\t<img width=\"1920\" height=\"1280\" src=\"https:\/\/grupovalrega.com.br\/new\/wp-content\/uploads\/2016\/11\/chacara-atibaia-aluguel-temporada-52.jpg\" class=\"sow-slider-background-image\" alt=\"\" decoding=\"async\" loading=\"eager\" srcset=\"https:\/\/grupovalrega.com.br\/new\/wp-content\/uploads\/2016\/11\/chacara-atibaia-aluguel-temporada-52.jpg 1920w, https:\/\/grupovalrega.com.br\/new\/wp-content\/uploads\/2016\/11\/chacara-atibaia-aluguel-temporada-52-300x200.jpg 300w, https:\/\/grupovalrega.com.br\/new\/wp-content\/uploads\/2016\/11\/chacara-atibaia-aluguel-temporada-52-768x512.jpg 768w, https:\/\/grupovalrega.com.br\/new\/wp-content\/uploads\/2016\/11\/chacara-atibaia-aluguel-temporada-52-1024x683.jpg 1024w, https:\/\/grupovalrega.com.br\/new\/wp-content\/uploads\/2016\/11\/chacara-atibaia-aluguel-temporada-52-272x182.jpg 272w\" sizes=\"(max-width: 1920px) 100vw, 1920px\" \/>\t\t\t\t\t\t\t\t<\/li>\n\t\t\t\t<li class=\"sow-slider-image  sow-slider-image-cover\" style=\"background-image: url(https:\/\/grupovalrega.com.br\/new\/wp-content\/uploads\/2016\/12\/chacara-atibaia-aluguel-temporada-15.jpg)\" >\n\t\t\t\t\t\t\t\t\t<img width=\"1200\" height=\"800\" src=\"https:\/\/grupovalrega.com.br\/new\/wp-content\/uploads\/2016\/12\/chacara-atibaia-aluguel-temporada-15.jpg\" class=\"sow-slider-background-image\" alt=\"\" decoding=\"async\" loading=\"eager\" srcset=\"https:\/\/grupovalrega.com.br\/new\/wp-content\/uploads\/2016\/12\/chacara-atibaia-aluguel-temporada-15.jpg 1200w, https:\/\/grupovalrega.com.br\/new\/wp-content\/uploads\/2016\/12\/chacara-atibaia-aluguel-temporada-15-300x200.jpg 300w, https:\/\/grupovalrega.com.br\/new\/wp-content\/uploads\/2016\/12\/chacara-atibaia-aluguel-temporada-15-768x512.jpg 768w, https:\/\/grupovalrega.com.br\/new\/wp-content\/uploads\/2016\/12\/chacara-atibaia-aluguel-temporada-15-1024x683.jpg 1024w, https:\/\/grupovalrega.com.br\/new\/wp-content\/uploads\/2016\/12\/chacara-atibaia-aluguel-temporada-15-272x182.jpg 272w\" sizes=\"(max-width: 1200px) 100vw, 1200px\" \/>\t\t\t\t\t\t\t\t<\/li>\n\t\t\t\t<li class=\"sow-slider-image  sow-slider-image-cover\" style=\"background-image: url(https:\/\/grupovalrega.com.br\/new\/wp-content\/uploads\/2016\/12\/chacara-atibaia-aluguel-temporada-13.jpg)\" >\n\t\t\t\t\t\t\t\t\t<img width=\"1200\" height=\"800\" src=\"https:\/\/grupovalrega.com.br\/new\/wp-content\/uploads\/2016\/12\/chacara-atibaia-aluguel-temporada-13.jpg\" class=\"sow-slider-background-image\" alt=\"\" decoding=\"async\" loading=\"eager\" srcset=\"https:\/\/grupovalrega.com.br\/new\/wp-content\/uploads\/2016\/12\/chacara-atibaia-aluguel-temporada-13.jpg 1200w, https:\/\/grupovalrega.com.br\/new\/wp-content\/uploads\/2016\/12\/chacara-atibaia-aluguel-temporada-13-300x200.jpg 300w, https:\/\/grupovalrega.com.br\/new\/wp-content\/uploads\/2016\/12\/chacara-atibaia-aluguel-temporada-13-768x512.jpg 768w, https:\/\/grupovalrega.com.br\/new\/wp-content\/uploads\/2016\/12\/chacara-atibaia-aluguel-temporada-13-1024x683.jpg 1024w, https:\/\/grupovalrega.com.br\/new\/wp-content\/uploads\/2016\/12\/chacara-atibaia-aluguel-temporada-13-272x182.jpg 272w\" sizes=\"(max-width: 1200px) 100vw, 1200px\" \/>\t\t\t\t\t\t\t\t<\/li>\n\t\t<\/ul>\t\t\t\t<ol class=\"sow-slider-pagination\">\n\t\t\t\t\t\t\t\t\t\t\t<li><a href=\"#\" data-goto=\"0\" aria-label=\"display slide 1\"><\/a><\/li>\n\t\t\t\t\t\t\t\t\t\t\t<li><a href=\"#\" data-goto=\"1\" aria-label=\"display slide 2\"><\/a><\/li>\n\t\t\t\t\t\t\t\t\t\t\t<li><a href=\"#\" data-goto=\"2\" aria-label=\"display slide 3\"><\/a><\/li>\n\t\t\t\t\t\t\t\t\t\t\t<li><a href=\"#\" data-goto=\"3\" aria-label=\"display slide 4\"><\/a><\/li>\n\t\t\t\t\t\t\t\t\t\t\t<li><a href=\"#\" data-goto=\"4\" aria-label=\"display slide 5\"><\/a><\/li>\n\t\t\t\t\t\t\t\t\t\t\t<li><a href=\"#\" data-goto=\"5\" aria-label=\"display slide 6\"><\/a><\/li>\n\t\t\t\t\t\t\t\t\t<\/ol>\n\n\t\t\t\t<div class=\"sow-slide-nav sow-slide-nav-next\">\n\t\t\t\t\t<a href=\"#\" data-goto=\"next\" aria-label=\"next slide\" data-action=\"next\">\n\t\t\t\t\t\t<em class=\"sow-sld-icon-thin-right\"><\/em>\n\t\t\t\t\t<\/a>\n\t\t\t\t<\/div>\n\n\t\t\t\t<div class=\"sow-slide-nav sow-slide-nav-prev\">\n\t\t\t\t\t<a href=\"#\" data-goto=\"previous\" aria-label=\"previous slide\" data-action=\"prev\">\n\t\t\t\t\t\t<em class=\"sow-sld-icon-thin-left\"><\/em>\n\t\t\t\t\t<\/a>\n\t\t\t\t<\/div>\n\t\t\t\t<\/div><\/div><\/div><\/div><div id=\"pgc-227-2-1\"  class=\"panel-grid-cell\" ><div id=\"panel-227-2-1-0\" class=\"so-panel widget widget_black-studio-tinymce widget_black_studio_tinymce panel-first-child panel-last-child\" data-index=\"3\" ><div class=\"textwidget\"><p><div role=\"form\" class=\"wpcf7\" id=\"wpcf7-f37-o1\" lang=\"pt-BR\" dir=\"ltr\">\n<div class=\"screen-reader-response\"><p role=\"status\" aria-live=\"polite\" aria-atomic=\"true\"><\/p> <ul><\/ul><\/div>\n<form action=\"\/new\/wp-json\/wp\/v2\/pages\/227#wpcf7-f37-o1\" method=\"post\" class=\"wpcf7-form init\" novalidate=\"novalidate\" data-status=\"init\">\n<div style=\"display: none;\">\n<input type=\"hidden\" name=\"_wpcf7\" value=\"37\" \/>\n<input type=\"hidden\" name=\"_wpcf7_version\" value=\"5.3.2\" \/>\n<input type=\"hidden\" name=\"_wpcf7_locale\" value=\"pt_BR\" \/>\n<input type=\"hidden\" name=\"_wpcf7_unit_tag\" value=\"wpcf7-f37-o1\" \/>\n<input type=\"hidden\" name=\"_wpcf7_container_post\" value=\"0\" \/>\n<input type=\"hidden\" name=\"_wpcf7_posted_data_hash\" value=\"\" \/>\n<\/div>\n<p><label> Seu nome (obrigat\u00f3rio)<br \/>\n    <span class=\"wpcf7-form-control-wrap your-name\"><input type=\"text\" name=\"your-name\" value=\"\" size=\"40\" class=\"wpcf7-form-control wpcf7-text wpcf7-validates-as-required\" aria-required=\"true\" aria-invalid=\"false\" \/><\/span> <\/label><\/p>\n<p><label> Seu e-mail (obrigat\u00f3rio)<br \/>\n    <span class=\"wpcf7-form-control-wrap your-email\"><input type=\"email\" name=\"your-email\" value=\"\" size=\"40\" class=\"wpcf7-form-control wpcf7-text wpcf7-email wpcf7-validates-as-required wpcf7-validates-as-email\" aria-required=\"true\" aria-invalid=\"false\" \/><\/span> <\/label><\/p>\n<p><label> Telefone<br \/>\n    <span class=\"wpcf7-form-control-wrap tel-71\"><input type=\"tel\" name=\"tel-71\" value=\"\" size=\"40\" class=\"wpcf7-form-control wpcf7-text wpcf7-tel wpcf7-validates-as-tel\" aria-invalid=\"false\" \/><\/span> <\/label><\/p>\n<p><label> Sua mensagem<br \/>\n    <span class=\"wpcf7-form-control-wrap your-message\"><textarea name=\"your-message\" cols=\"40\" rows=\"10\" class=\"wpcf7-form-control wpcf7-textarea\" aria-invalid=\"false\"><\/textarea><\/span> <\/label><\/p>\n<p><input type=\"submit\" value=\"Enviar\" class=\"wpcf7-form-control wpcf7-submit\" \/><\/p>\n<div class=\"wpcf7-response-output\" aria-hidden=\"true\"><\/div><\/form><\/div><\/p>\n<\/div><\/div><\/div><\/div><div id=\"pg-227-3\"  class=\"panel-grid panel-has-style\" ><div class=\"siteorigin-panels-stretch panel-row-style panel-row-style-for-227-3\" data-stretch-type=\"full\" ><div id=\"pgc-227-3-0\"  class=\"panel-grid-cell\" ><div id=\"panel-227-3-0-0\" class=\"so-panel widget widget_black-studio-tinymce widget_black_studio_tinymce panel-first-child panel-last-child\" data-index=\"4\" ><div class=\"panel-widget-style panel-widget-style-for-227-3-0-0\" ><div class=\"textwidget\"><p><span class=\"\" style=\"display:block;clear:both;height: 0px;padding-top: 5px;border-top-width:0px;border-bottom-width:0px;\"><\/span><\/p>\n<\/div><\/div><\/div><\/div><\/div><\/div><div id=\"pg-227-4\"  class=\"panel-grid panel-has-style\" ><div class=\"siteorigin-panels-stretch panel-row-style panel-row-style-for-227-4\" data-stretch-type=\"full\" ><div id=\"pgc-227-4-0\"  class=\"panel-grid-cell\" ><div id=\"panel-227-4-0-0\" class=\"so-panel widget widget_black-studio-tinymce widget_black_studio_tinymce panel-first-child panel-last-child\" data-index=\"5\" ><div class=\"panel-widget-style panel-widget-style-for-227-4-0-0\" ><div class=\"textwidget\"><p><span class=\"\" style=\"display:block;clear:both;height: 0px;padding-top: 5px;border-top-width:0px;border-bottom-width:0px;\"><\/span><\/p>\n<\/div><\/div><\/div><\/div><\/div><\/div><\/div>","protected":false},"excerpt":{"rendered":"<p>Venha desfrutar seu evento especial conosco! Fa\u00e7a j\u00e1 sua reserva! Preencha o formul\u00e1rio abaixo que entraremos em contato o mais breve poss\u00edvel! Tamb\u00e9m poder\u00e1 fazer sua reserva atrav\u00e9s do telefone: (11) 99378-1965<\/p>\n","protected":false},"author":1,"featured_media":0,"parent":0,"menu_order":0,"comment_status":"closed","ping_status":"closed","template":"full-width-page.php","meta":{"footnotes":""},"_links":{"self":[{"href":"https:\/\/grupovalrega.com.br\/new\/wp-json\/wp\/v2\/pages\/227"}],"collection":[{"href":"https:\/\/grupovalrega.com.br\/new\/wp-json\/wp\/v2\/pages"}],"about":[{"href":"https:\/\/grupovalrega.com.br\/new\/wp-json\/wp\/v2\/types\/page"}],"author":[{"embeddable":true,"href":"https:\/\/grupovalrega.com.br\/new\/wp-json\/wp\/v2\/users\/1"}],"replies":[{"embeddable":true,"href":"https:\/\/grupovalrega.com.br\/new\/wp-json\/wp\/v2\/comments?post=227"}],"version-history":[{"count":18,"href":"https:\/\/grupovalrega.com.br\/new\/wp-json\/wp\/v2\/pages\/227\/revisions"}],"predecessor-version":[{"id":419,"href":"https:\/\/grupovalrega.com.br\/new\/wp-json\/wp\/v2\/pages\/227\/revisions\/419"}],"wp:attachment":[{"href":"https:\/\/grupovalrega.com.br\/new\/wp-json\/wp\/v2\/media?parent=227"}],"curies":[{"name":"wp","href":"https:\/\/api.w.org\/{rel}","templated":true}]}}