
{"id":201,"date":"2016-12-05T23:53:08","date_gmt":"2016-12-06T01:53:08","guid":{"rendered":"https:\/\/grupovalrega.com.br\/new\/?page_id=201"},"modified":"2023-12-28T21:15:34","modified_gmt":"2023-12-28T23:15:34","slug":"recantopedragrande","status":"publish","type":"page","link":"https:\/\/grupovalrega.com.br\/new\/recantopedragrande\/","title":{"rendered":"Recanto Pedra Grande"},"content":{"rendered":"<div id=\"pl-201\"  class=\"panel-layout\" ><div id=\"pg-201-0\"  class=\"panel-grid panel-has-style\" ><div class=\"siteorigin-panels-stretch panel-row-style panel-row-style-for-201-0\" data-stretch-type=\"full\" ><div id=\"pgc-201-0-0\"  class=\"panel-grid-cell\" ><div id=\"panel-201-0-0-0\" class=\"so-panel widget widget_black-studio-tinymce widget_black_studio_tinymce panel-first-child panel-last-child\" data-index=\"0\" ><div class=\"textwidget\"><\/div><\/div><\/div><\/div><\/div><div id=\"pg-201-1\"  class=\"panel-grid panel-no-style\" ><div id=\"pgc-201-1-0\"  class=\"panel-grid-cell\" ><div id=\"panel-201-1-0-0\" class=\"so-panel widget widget_black-studio-tinymce widget_black_studio_tinymce panel-first-child panel-last-child\" data-index=\"1\" ><div class=\"textwidget\"><p style=\"text-align: center;\"><span class=\"chacara1-titulo\">Recanto Pedra Grande<\/span><\/p>\n<hr width=100% color=#1b79d6 size=6 align=left>\n<\/div><\/div><\/div><\/div><div id=\"pg-201-2\"  class=\"panel-grid panel-no-style\" ><div id=\"pgc-201-2-0\"  class=\"panel-grid-cell\" ><div id=\"panel-201-2-0-0\" class=\"so-panel widget widget_black-studio-tinymce widget_black_studio_tinymce panel-first-child panel-last-child\" data-index=\"2\" ><div class=\"textwidget\"><p><img src=\"http:\/\/www.grupovalrega.com.br\/new\/wp-content\/uploads\/2016\/12\/chacara-atibaia-aluguel-temporada-4.jpg\" alt=\"Capa Recanto Pedra Grande\" width=\"1500\" height=\"725\" class=\"alignnone size-full wp-image-322\" \/><\/p>\n<\/div><\/div><\/div><\/div><div id=\"pg-201-3\"  class=\"panel-grid panel-no-style\" ><div id=\"pgc-201-3-0\"  class=\"panel-grid-cell\" ><div id=\"panel-201-3-0-0\" class=\"so-panel widget widget_black-studio-tinymce widget_black_studio_tinymce panel-first-child panel-last-child\" data-index=\"3\" ><div class=\"textwidget\"><p style=\"text-align: center;\"><span class=\"chacara1-intro\">Viva momentos inesquec\u00edveis no Recanto Pedra Grande! <br \/>Aqui voc\u00ea ter\u00e1 espa\u00e7o de sobra pra realizar aquele evento especial que voc\u00ea tanto sonha! <br \/>Ideal para finais de semana, feriados, casamentos, confraterniza\u00e7\u00f5es e eventos em geral.<\/span><\/p>\n<\/div><\/div><\/div><\/div><div id=\"pg-201-4\"  class=\"panel-grid panel-no-style\" ><div id=\"pgc-201-4-0\"  class=\"panel-grid-cell\" ><div id=\"panel-201-4-0-0\" class=\"so-panel widget widget_black-studio-tinymce widget_black_studio_tinymce panel-first-child panel-last-child\" data-index=\"4\" ><div class=\"textwidget\"><p><span class=\"chacara1-descricao\">Curta a linda paisagem de Atibaia enquanto relaxa na piscina<\/span><\/p>\n<hr width=100% color=#3384d6 size=6 align=left>\n<\/div><\/div><\/div><\/div><div id=\"pg-201-5\"  class=\"panel-grid panel-no-style\" ><div id=\"pgc-201-5-0\"  class=\"panel-grid-cell\" ><div id=\"panel-201-5-0-0\" class=\"so-panel widget widget_black-studio-tinymce widget_black_studio_tinymce panel-first-child panel-last-child\" data-index=\"5\" ><div class=\"textwidget\"><p><a href=\"https:\/\/grupovalrega.com.br\/new\/wp-content\/uploads\/2023\/12\/RAW-2023-9-OK.jpg\"><img src=\"https:\/\/grupovalrega.com.br\/new\/wp-content\/uploads\/2023\/12\/RAW-2023-9-OK.jpg\" alt=\"\" width=\"1920\" height=\"1280\" class=\"alignnone size-full wp-image-612\" \/><\/a><\/p>\n<\/div><\/div><\/div><div id=\"pgc-201-5-1\"  class=\"panel-grid-cell\" ><div id=\"panel-201-5-1-0\" class=\"so-panel widget widget_black-studio-tinymce widget_black_studio_tinymce panel-first-child panel-last-child\" data-index=\"6\" ><div class=\"textwidget\"><p><a href=\"http:\/\/www.grupovalrega.com.br\/new\/wp-content\/uploads\/2016\/12\/chacara-atibaia-aluguel-temporada-18.jpg\"><img src=\"http:\/\/www.grupovalrega.com.br\/new\/wp-content\/uploads\/2016\/12\/chacara-atibaia-aluguel-temporada-18.jpg\" alt=\"Fotos 2017 (162)\" width=\"1200\" height=\"800\" class=\"alignnone size-full wp-image-304\" \/><\/a><\/p>\n<\/div><\/div><\/div><\/div><div id=\"pg-201-6\"  class=\"panel-grid panel-no-style\" ><div id=\"pgc-201-6-0\"  class=\"panel-grid-cell\" ><div id=\"panel-201-6-0-0\" class=\"so-panel widget widget_black-studio-tinymce widget_black_studio_tinymce panel-first-child panel-last-child\" data-index=\"7\" ><div class=\"textwidget\"><p><a href=\"http:\/\/www.grupovalrega.com.br\/new\/wp-content\/uploads\/2016\/12\/chacara-atibaia-aluguel-temporada-10.jpg\"><img src=\"http:\/\/www.grupovalrega.com.br\/new\/wp-content\/uploads\/2016\/12\/chacara-atibaia-aluguel-temporada-10.jpg\" alt=\"Fotos 2017 (219)\" width=\"1200\" height=\"800\" class=\"alignnone size-full wp-image-314\" \/><\/a><\/p>\n<\/div><\/div><\/div><div id=\"pgc-201-6-1\"  class=\"panel-grid-cell\" ><div id=\"panel-201-6-1-0\" class=\"so-panel widget widget_black-studio-tinymce widget_black_studio_tinymce panel-first-child panel-last-child\" data-index=\"8\" ><div class=\"textwidget\"><p><a href=\"http:\/\/www.grupovalrega.com.br\/new\/wp-content\/uploads\/2016\/12\/chacara-atibaia-aluguel-temporada-9.jpg\"><img src=\"http:\/\/www.grupovalrega.com.br\/new\/wp-content\/uploads\/2016\/12\/chacara-atibaia-aluguel-temporada-9.jpg\" alt=\"Fotos 2017 (245)\" width=\"1200\" height=\"800\" class=\"alignnone size-full wp-image-315\" \/><\/a><\/p>\n<\/div><\/div><\/div><\/div><div id=\"pg-201-7\"  class=\"panel-grid panel-no-style\" ><div id=\"pgc-201-7-0\"  class=\"panel-grid-cell\" ><div id=\"panel-201-7-0-0\" class=\"so-panel widget widget_black-studio-tinymce widget_black_studio_tinymce panel-first-child panel-last-child\" data-index=\"9\" ><div class=\"textwidget\"><p><a href=\"http:\/\/www.grupovalrega.com.br\/new\/wp-content\/uploads\/2016\/12\/chacara-atibaia-aluguel-temporada-8.jpg\"><img src=\"http:\/\/www.grupovalrega.com.br\/new\/wp-content\/uploads\/2016\/12\/chacara-atibaia-aluguel-temporada-8.jpg\" alt=\"Fotos 2017 (237)\" width=\"1200\" height=\"800\" class=\"alignnone size-full wp-image-316\" \/><\/a><\/p>\n<\/div><\/div><\/div><div id=\"pgc-201-7-1\"  class=\"panel-grid-cell\" ><div id=\"panel-201-7-1-0\" class=\"so-panel widget widget_black-studio-tinymce widget_black_studio_tinymce panel-first-child panel-last-child\" data-index=\"10\" ><div class=\"textwidget\"><p><a href=\"http:\/\/www.grupovalrega.com.br\/new\/wp-content\/uploads\/2016\/12\/chacara-atibaia-aluguel-temporada-7.jpg\"><img src=\"http:\/\/www.grupovalrega.com.br\/new\/wp-content\/uploads\/2016\/12\/chacara-atibaia-aluguel-temporada-7.jpg\" alt=\"Fotos 2017 (212)\" width=\"1200\" height=\"800\" class=\"alignnone size-full wp-image-317\" \/><\/a><\/p>\n<\/div><\/div><\/div><\/div><div id=\"pg-201-8\"  class=\"panel-grid panel-no-style\" ><div id=\"pgc-201-8-0\"  class=\"panel-grid-cell\" ><div id=\"panel-201-8-0-0\" class=\"so-panel widget widget_black-studio-tinymce widget_black_studio_tinymce panel-first-child panel-last-child\" data-index=\"11\" ><div class=\"textwidget\"><p><span class=\"chacara1-descricao\">Banheiros externos<\/span><\/p>\n<hr width=100% color=#3384d6 size=6 align=left>\n<p><a href=\"http:\/\/www.grupovalrega.com.br\/new\/wp-content\/uploads\/2016\/12\/chacara-atibaia-aluguel-temporada-6.jpg\"><img src=\"http:\/\/www.grupovalrega.com.br\/new\/wp-content\/uploads\/2016\/12\/chacara-atibaia-aluguel-temporada-6.jpg\" alt=\"Fotos 2017 (265)\" width=\"1200\" height=\"800\" class=\"alignnone size-full wp-image-318\" \/><\/a><\/p>\n<\/div><\/div><\/div><div id=\"pgc-201-8-1\"  class=\"panel-grid-cell\" ><div id=\"panel-201-8-1-0\" class=\"so-panel widget widget_black-studio-tinymce widget_black_studio_tinymce panel-first-child panel-last-child\" data-index=\"12\" ><div class=\"textwidget\"><p><span class=\"chacara1-descricao\">Capela para casamentos<\/span><\/p>\n<hr width=100% color=#3384d6 size=6 align=left>\n<p><a href=\"http:\/\/www.grupovalrega.com.br\/new\/wp-content\/uploads\/2016\/12\/chacara-atibaia-aluguel-temporada-5.jpg\"><img src=\"http:\/\/www.grupovalrega.com.br\/new\/wp-content\/uploads\/2016\/12\/chacara-atibaia-aluguel-temporada-5.jpg\" alt=\"Fotos 2017 (269)\" width=\"1200\" height=\"800\" class=\"alignnone size-full wp-image-319\" \/><\/a><\/p>\n<\/div><\/div><\/div><\/div><div id=\"pg-201-9\"  class=\"panel-grid panel-no-style\" ><div id=\"pgc-201-9-0\"  class=\"panel-grid-cell\" ><div id=\"panel-201-9-0-0\" class=\"so-panel widget widget_black-studio-tinymce widget_black_studio_tinymce panel-first-child panel-last-child\" data-index=\"13\" ><div class=\"textwidget\"><p><span class=\"chacara1-descricao\">440m\u00b2 de \u00e1rea coberta para festas<\/span><\/p>\n<hr width=100% color=#3384d6 size=6 align=left>\n<\/div><\/div><\/div><\/div><div id=\"pg-201-10\"  class=\"panel-grid panel-no-style\" ><div id=\"pgc-201-10-0\"  class=\"panel-grid-cell\" ><div id=\"panel-201-10-0-0\" class=\"so-panel widget widget_black-studio-tinymce widget_black_studio_tinymce panel-first-child panel-last-child\" data-index=\"14\" ><div class=\"textwidget\"><p><a href=\"http:\/\/www.grupovalrega.com.br\/new\/wp-content\/uploads\/2016\/12\/chacara-atibaia-aluguel-temporada-19.jpg\"><img src=\"http:\/\/www.grupovalrega.com.br\/new\/wp-content\/uploads\/2016\/12\/chacara-atibaia-aluguel-temporada-19.jpg\" alt=\"Fotos 2017 (178)\" width=\"1200\" height=\"800\" class=\"alignnone size-full wp-image-303\" \/><\/a><\/p>\n<\/div><\/div><\/div><div id=\"pgc-201-10-1\"  class=\"panel-grid-cell\" ><div id=\"panel-201-10-1-0\" class=\"so-panel widget widget_black-studio-tinymce widget_black_studio_tinymce panel-first-child panel-last-child\" data-index=\"15\" ><div class=\"textwidget\"><p><a href=\"http:\/\/www.grupovalrega.com.br\/new\/wp-content\/uploads\/2016\/12\/chacara-atibaia-aluguel-temporada-20.jpg\"><img src=\"http:\/\/www.grupovalrega.com.br\/new\/wp-content\/uploads\/2016\/12\/chacara-atibaia-aluguel-temporada-20.jpg\" alt=\"Fotos 2017 (258)\" width=\"1200\" height=\"800\" class=\"alignnone size-full wp-image-302\" \/><\/a><\/p>\n<\/div><\/div><\/div><\/div><div id=\"pg-201-11\"  class=\"panel-grid panel-no-style\" ><div id=\"pgc-201-11-0\"  class=\"panel-grid-cell\" ><div id=\"panel-201-11-0-0\" class=\"so-panel widget widget_black-studio-tinymce widget_black_studio_tinymce panel-first-child panel-last-child\" data-index=\"16\" ><div class=\"textwidget\"><p><span class=\"chacara1-descricao\">Sal\u00e3o de Jogos<\/span><\/p>\n<hr width=100% color=#3384d6 size=6 align=left>\n<p><a href=\"http:\/\/www.grupovalrega.com.br\/new\/wp-content\/uploads\/2016\/12\/chacara-atibaia-aluguel-temporada-16.jpg\"><img src=\"http:\/\/www.grupovalrega.com.br\/new\/wp-content\/uploads\/2016\/12\/chacara-atibaia-aluguel-temporada-16.jpg\" alt=\"Fotos 2017 (150)\" width=\"1200\" height=\"800\" class=\"alignnone size-full wp-image-308\" \/><\/a><\/p>\n<\/div><\/div><\/div><div id=\"pgc-201-11-1\"  class=\"panel-grid-cell\" ><div id=\"panel-201-11-1-0\" class=\"so-panel widget widget_black-studio-tinymce widget_black_studio_tinymce panel-first-child panel-last-child\" data-index=\"17\" ><div class=\"textwidget\"><p><span class=\"chacara1-descricao\">Campo de Futebol<\/span><\/p>\n<hr width=100% color=#3384d6 size=6 align=left>\n<p><a href=\"http:\/\/www.grupovalrega.com.br\/new\/wp-content\/uploads\/2016\/11\/chacara-atibaia-aluguel-temporada-52.jpg\"><img src=\"http:\/\/www.grupovalrega.com.br\/new\/wp-content\/uploads\/2016\/11\/chacara-atibaia-aluguel-temporada-52.jpg\" alt=\"fotos-chacara-2-1\" width=\"1920\" height=\"1280\" class=\"alignnone size-full wp-image-115\" \/><\/a><\/p>\n<\/div><\/div><\/div><\/div><div id=\"pg-201-12\"  class=\"panel-grid panel-no-style\" ><div id=\"pgc-201-12-0\"  class=\"panel-grid-cell\" ><div id=\"panel-201-12-0-0\" class=\"so-panel widget widget_black-studio-tinymce widget_black_studio_tinymce panel-first-child panel-last-child\" data-index=\"18\" ><div class=\"textwidget\"><p><span class=\"chacara1-descricao\">Ampla \u00e1rea comum com churrasqueira e forno de pizza<\/span><\/p>\n<hr width=100% color=#3384d6 size=6 align=left>\n<\/div><\/div><\/div><\/div><div id=\"pg-201-13\"  class=\"panel-grid panel-no-style\" ><div id=\"pgc-201-13-0\"  class=\"panel-grid-cell\" ><div id=\"panel-201-13-0-0\" class=\"so-panel widget widget_black-studio-tinymce widget_black_studio_tinymce panel-first-child panel-last-child\" data-index=\"19\" ><div class=\"panel-widget-style panel-widget-style-for-201-13-0-0\" ><div class=\"textwidget\"><p><a href=\"https:\/\/grupovalrega.com.br\/new\/wp-content\/uploads\/2023\/12\/RAW-2023-10-OK.jpg\"><img src=\"https:\/\/grupovalrega.com.br\/new\/wp-content\/uploads\/2023\/12\/RAW-2023-10-OK.jpg\" alt=\"\" width=\"1032\" height=\"774\" class=\"alignnone size-full wp-image-569\" \/><\/a><\/p>\n<\/div><\/div><\/div><\/div><div id=\"pgc-201-13-1\"  class=\"panel-grid-cell\" ><div id=\"panel-201-13-1-0\" class=\"so-panel widget widget_black-studio-tinymce widget_black_studio_tinymce panel-first-child panel-last-child\" data-index=\"20\" ><div class=\"panel-widget-style panel-widget-style-for-201-13-1-0\" ><div class=\"textwidget\"><p><a href=\"https:\/\/grupovalrega.com.br\/new\/wp-content\/uploads\/2023\/12\/RAW-2023-1-OK-1.jpg\"><img src=\"https:\/\/grupovalrega.com.br\/new\/wp-content\/uploads\/2023\/12\/RAW-2023-1-OK-1.jpg\" alt=\"\" width=\"1032\" height=\"774\" class=\"alignnone size-full wp-image-586\" \/><\/a><\/p>\n<\/div><\/div><\/div><\/div><\/div><div id=\"pg-201-14\"  class=\"panel-grid panel-no-style\" ><div id=\"pgc-201-14-0\"  class=\"panel-grid-cell\" ><div id=\"panel-201-14-0-0\" class=\"so-panel widget widget_black-studio-tinymce widget_black_studio_tinymce panel-first-child panel-last-child\" data-index=\"21\" ><div class=\"panel-widget-style panel-widget-style-for-201-14-0-0\" ><div class=\"textwidget\"><p><a href=\"https:\/\/grupovalrega.com.br\/new\/wp-content\/uploads\/2023\/12\/RAW-2023-7-OK-1.jpg\"><img src=\"https:\/\/grupovalrega.com.br\/new\/wp-content\/uploads\/2023\/12\/RAW-2023-7-OK-1.jpg\" alt=\"\" width=\"1032\" height=\"774\" class=\"alignnone size-full wp-image-570\" \/><\/a><\/p>\n<\/div><\/div><\/div><\/div><div id=\"pgc-201-14-1\"  class=\"panel-grid-cell\" ><div id=\"panel-201-14-1-0\" class=\"so-panel widget widget_black-studio-tinymce widget_black_studio_tinymce panel-first-child panel-last-child\" data-index=\"22\" ><div class=\"panel-widget-style panel-widget-style-for-201-14-1-0\" ><div class=\"textwidget\"><p><a href=\"https:\/\/grupovalrega.com.br\/new\/wp-content\/uploads\/2023\/12\/RAW-2023-3-OK.jpg\"><img src=\"https:\/\/grupovalrega.com.br\/new\/wp-content\/uploads\/2023\/12\/RAW-2023-3-OK.jpg\" alt=\"\" width=\"1032\" height=\"774\" class=\"alignnone size-full wp-image-608\" \/><\/a><\/p>\n<\/div><\/div><\/div><\/div><\/div><div id=\"pg-201-15\"  class=\"panel-grid panel-no-style\" ><div id=\"pgc-201-15-0\"  class=\"panel-grid-cell\" ><div id=\"panel-201-15-0-0\" class=\"so-panel widget widget_black-studio-tinymce widget_black_studio_tinymce panel-first-child panel-last-child\" data-index=\"23\" ><div class=\"textwidget\"><p><span class=\"chacara1-descricao\">Dormit\u00f3rios masculinos e femininos com banheiros separados<\/span><\/p>\n<hr width=100% color=#3384d6 size=6 align=left>\n<\/div><\/div><\/div><\/div><div id=\"pg-201-16\"  class=\"panel-grid panel-no-style\" ><div id=\"pgc-201-16-0\"  class=\"panel-grid-cell\" ><div id=\"panel-201-16-0-0\" class=\"so-panel widget widget_black-studio-tinymce widget_black_studio_tinymce panel-first-child panel-last-child\" data-index=\"24\" ><div class=\"panel-widget-style panel-widget-style-for-201-16-0-0\" ><div class=\"textwidget\"><p><a href=\"http:\/\/www.grupovalrega.com.br\/new\/wp-content\/uploads\/2016\/12\/chacara-atibaia-aluguel-temporada-23.jpg\"><img src=\"http:\/\/www.grupovalrega.com.br\/new\/wp-content\/uploads\/2016\/12\/chacara-atibaia-aluguel-temporada-23.jpg\" alt=\"Fotos 2017 (223)\" width=\"1200\" height=\"800\" class=\"alignnone size-full wp-image-298\" \/><\/a><\/p>\n<\/div><\/div><\/div><\/div><div id=\"pgc-201-16-1\"  class=\"panel-grid-cell\" ><div id=\"panel-201-16-1-0\" class=\"so-panel widget widget_black-studio-tinymce widget_black_studio_tinymce panel-first-child panel-last-child\" data-index=\"25\" ><div class=\"panel-widget-style panel-widget-style-for-201-16-1-0\" ><div class=\"textwidget\"><p><a href=\"http:\/\/www.grupovalrega.com.br\/new\/wp-content\/uploads\/2016\/12\/chacara-atibaia-aluguel-temporada-22.jpg\"><img src=\"http:\/\/www.grupovalrega.com.br\/new\/wp-content\/uploads\/2016\/12\/chacara-atibaia-aluguel-temporada-22.jpg\" alt=\"Fotos 2017 (229)\" width=\"1200\" height=\"800\" class=\"alignnone size-full wp-image-299\" \/><\/a><\/p>\n<\/div><\/div><\/div><\/div><\/div><div id=\"pg-201-17\"  class=\"panel-grid panel-no-style\" ><div id=\"pgc-201-17-0\"  class=\"panel-grid-cell\" ><div id=\"panel-201-17-0-0\" class=\"so-panel widget widget_black-studio-tinymce widget_black_studio_tinymce panel-first-child panel-last-child\" data-index=\"26\" ><div class=\"panel-widget-style panel-widget-style-for-201-17-0-0\" ><div class=\"textwidget\"><p><a href=\"http:\/\/www.grupovalrega.com.br\/new\/wp-content\/uploads\/2016\/12\/chacara-atibaia-aluguel-temporada-17.jpg\"><img src=\"http:\/\/www.grupovalrega.com.br\/new\/wp-content\/uploads\/2016\/12\/chacara-atibaia-aluguel-temporada-17.jpg\" alt=\"Fotos 2017 (232)\" width=\"1200\" height=\"800\" class=\"alignnone size-full wp-image-306\" \/><\/a><\/p>\n<\/div><\/div><\/div><\/div><div id=\"pgc-201-17-1\"  class=\"panel-grid-cell\" ><div id=\"panel-201-17-1-0\" class=\"so-panel widget widget_black-studio-tinymce widget_black_studio_tinymce panel-first-child panel-last-child\" data-index=\"27\" ><div class=\"panel-widget-style panel-widget-style-for-201-17-1-0\" ><div class=\"textwidget\"><p><a href=\"http:\/\/www.grupovalrega.com.br\/new\/wp-content\/uploads\/2016\/12\/chacara-atibaia-aluguel-temporada-21.jpg\"><img src=\"http:\/\/www.grupovalrega.com.br\/new\/wp-content\/uploads\/2016\/12\/chacara-atibaia-aluguel-temporada-21.jpg\" alt=\"Fotos 2017 (236)\" width=\"1200\" height=\"800\" class=\"alignnone size-full wp-image-301\" \/><\/a><\/p>\n<\/div><\/div><\/div><\/div><\/div><div id=\"pg-201-18\"  class=\"panel-grid panel-no-style\" ><div id=\"pgc-201-18-0\"  class=\"panel-grid-cell\" ><div id=\"panel-201-18-0-0\" class=\"so-panel widget widget_black-studio-tinymce widget_black_studio_tinymce panel-first-child panel-last-child\" data-index=\"28\" ><div class=\"textwidget\"><p><span class=\"chacara1-descricao\">Localiza\u00e7\u00e3o<\/span><\/p>\n<hr width=100% color=#3384d6 size=6 align=left>\n<\/div><\/div><\/div><\/div><div id=\"pg-201-19\"  class=\"panel-grid panel-no-style\" ><div id=\"pgc-201-19-0\"  class=\"panel-grid-cell\" ><div id=\"panel-201-19-0-0\" class=\"so-panel widget widget_black-studio-tinymce widget_black_studio_tinymce panel-first-child panel-last-child\" data-index=\"29\" ><div class=\"textwidget\"><p><img class=\"alignnone size-full wp-image-255\" src=\"http:\/\/www.grupovalrega.com.br\/new\/wp-content\/uploads\/2016\/12\/Mapa-Recanto-Pedra-Grande.jpg\" alt=\"\" width=\"700\" height=\"440\" \/><\/p>\n<\/div><\/div><\/div><div id=\"pgc-201-19-1\"  class=\"panel-grid-cell\" ><div id=\"panel-201-19-1-0\" class=\"so-panel widget widget_black-studio-tinymce widget_black_studio_tinymce panel-first-child panel-last-child\" data-index=\"30\" ><div class=\"textwidget\"><p>A ch\u00e1cara Recanto Pedra Grande<br \/>\nest\u00e1 localizada na<br \/>\nEstrada Bras\u00edlia N\u00ba 230<br \/>\nBairro: Jardim Brasil<\/p>\n<p>Atibaia\/SP<br \/>\nPr\u00f3ximo ao Frango Assado<\/p>\n<\/div><\/div><\/div><\/div><div id=\"pg-201-20\"  class=\"panel-grid panel-no-style\" ><div id=\"pgc-201-20-0\"  class=\"panel-grid-cell\" ><div id=\"panel-201-20-0-0\" class=\"so-panel widget widget_black-studio-tinymce widget_black_studio_tinymce panel-first-child panel-last-child\" data-index=\"31\" ><div class=\"textwidget\"><p><span class=\"\" style=\"display:block;clear:both;height: 0px;padding-top: 5px;border-top-width:0px;border-bottom-width:0px;\"><\/span><\/p>\n<\/div><\/div><\/div><\/div><div id=\"pg-201-21\"  class=\"panel-grid panel-no-style\" ><div id=\"pgc-201-21-0\"  class=\"panel-grid-cell\" ><div id=\"panel-201-21-0-0\" class=\"so-panel widget widget_black-studio-tinymce widget_black_studio_tinymce panel-first-child panel-last-child\" data-index=\"32\" ><div class=\"textwidget\"><p style=\"text-align: center;\"><span class=\"chacara1-intro\">Conhe\u00e7a tamb\u00e9m nossas outras unidades:<\/span><\/p><\/div><\/div><\/div><\/div><div id=\"pg-201-22\"  class=\"panel-grid panel-no-style\" ><div id=\"pgc-201-22-0\"  class=\"panel-grid-cell\" ><div id=\"panel-201-22-0-0\" class=\"so-panel widget widget_black-studio-tinymce widget_black_studio_tinymce panel-first-child panel-last-child\" data-index=\"33\" ><div class=\"textwidget\"><p style=\"text-align: center;\"><span class=\"chacara1-intro\">Unidade 1: Recanto Val Rega<\/span><\/p>\n<a href=\"https:\/\/www.grupovalrega.com.br\/new\/recantovalrega\"><img class=\"wp-image-326 aligncenter\" src=\"https:\/\/www.grupovalrega.com.br\/new\/wp-content\/uploads\/2016\/12\/chacara-atibaia-aluguel-temporada-3.jpg\" alt=\"Imagem Chacar\u00e1 1\" width=\"475\" height=\"297\" \/><\/a><\/div><\/div><\/div><div id=\"pgc-201-22-1\"  class=\"panel-grid-cell\" ><div id=\"panel-201-22-1-0\" class=\"so-panel widget widget_black-studio-tinymce widget_black_studio_tinymce panel-first-child panel-last-child\" data-index=\"34\" ><div class=\"textwidget\"><p style=\"text-align: center;\"><span class=\"chacara1-intro\">Unidade 3: Casa na Praia<\/span><\/p>\n\n<a href=\"https:\/\/grupovalrega.com.br\/new\/casa-na-praia\/\"><img class=\"size-full wp-image-548 aligncenter\" src=\"https:\/\/grupovalrega.com.br\/new\/wp-content\/uploads\/2023\/12\/botao-casa-na-praia.jpg\" alt=\"\" width=\"475\" height=\"297\" \/><\/a><\/div><\/div><\/div><\/div><div id=\"pg-201-23\"  class=\"panel-grid panel-has-style\" ><div class=\"siteorigin-panels-stretch panel-row-style panel-row-style-for-201-23\" data-stretch-type=\"full\" ><div id=\"pgc-201-23-0\"  class=\"panel-grid-cell\" ><div id=\"panel-201-23-0-0\" class=\"so-panel widget widget_black-studio-tinymce widget_black_studio_tinymce panel-first-child panel-last-child\" data-index=\"35\" ><div class=\"panel-widget-style panel-widget-style-for-201-23-0-0\" ><div class=\"textwidget\"><p><span class=\"\" style=\"display:block;clear:both;height: 0px;padding-top: 2px;border-top-width:0px;border-bottom-width:0px;\"><\/span><\/p>\n<\/div><\/div><\/div><\/div><\/div><\/div><div id=\"pg-201-24\"  class=\"panel-grid panel-has-style\" ><div class=\"siteorigin-panels-stretch panel-row-style panel-row-style-for-201-24\" data-stretch-type=\"full-stretched\" ><div id=\"pgc-201-24-0\"  class=\"panel-grid-cell\" ><div id=\"panel-201-24-0-0\" class=\"so-panel widget widget_black-studio-tinymce widget_black_studio_tinymce panel-first-child panel-last-child\" data-index=\"36\" ><div class=\"panel-widget-style panel-widget-style-for-201-24-0-0\" ><div class=\"textwidget\"><p><span class=\"\" style=\"display:block;clear:both;height: 0px;padding-top: 15px;border-top-width:0px;border-bottom-width:0px;\"><\/span><\/p>\n<\/div><\/div><\/div><\/div><\/div><\/div><\/div>","protected":false},"excerpt":{"rendered":"<p>Recanto Pedra Grande<\/p>\n","protected":false},"author":1,"featured_media":0,"parent":0,"menu_order":0,"comment_status":"closed","ping_status":"closed","template":"full-width-page.php","meta":{"footnotes":""},"_links":{"self":[{"href":"https:\/\/grupovalrega.com.br\/new\/wp-json\/wp\/v2\/pages\/201"}],"collection":[{"href":"https:\/\/grupovalrega.com.br\/new\/wp-json\/wp\/v2\/pages"}],"about":[{"href":"https:\/\/grupovalrega.com.br\/new\/wp-json\/wp\/v2\/types\/page"}],"author":[{"embeddable":true,"href":"https:\/\/grupovalrega.com.br\/new\/wp-json\/wp\/v2\/users\/1"}],"replies":[{"embeddable":true,"href":"https:\/\/grupovalrega.com.br\/new\/wp-json\/wp\/v2\/comments?post=201"}],"version-history":[{"count":71,"href":"https:\/\/grupovalrega.com.br\/new\/wp-json\/wp\/v2\/pages\/201\/revisions"}],"predecessor-version":[{"id":616,"href":"https:\/\/grupovalrega.com.br\/new\/wp-json\/wp\/v2\/pages\/201\/revisions\/616"}],"wp:attachment":[{"href":"https:\/\/grupovalrega.com.br\/new\/wp-json\/wp\/v2\/media?parent=201"}],"curies":[{"name":"wp","href":"https:\/\/api.w.org\/{rel}","templated":true}]}}